{"id":234,"date":"2025-10-03T01:20:25","date_gmt":"2025-10-03T01:20:25","guid":{"rendered":"https:\/\/itaep-peru.com\/web\/?page_id=234"},"modified":"2025-10-11T00:11:01","modified_gmt":"2025-10-11T00:11:01","slug":"nosotros","status":"publish","type":"page","link":"https:\/\/itaep-peru.com\/web\/index.php\/nosotros\/","title":{"rendered":"Nosotros"},"content":{"rendered":"\t\t<div data-elementor-type=\"wp-page\" data-elementor-id=\"234\" class=\"elementor elementor-234\" data-elementor-post-type=\"page\">\n\t\t\t\t<div class=\"elementor-element elementor-element-1a624bf e-flex e-con-boxed e-con e-parent\" data-id=\"1a624bf\" data-element_type=\"container\">\n\t\t\t\t\t<div class=\"e-con-inner\">\n\t\t<div class=\"elementor-element elementor-element-c616e37 e-grid e-con-full e-con e-child\" data-id=\"c616e37\" data-element_type=\"container\">\n\t\t<div class=\"elementor-element elementor-element-abde649 e-con-full e-flex e-con e-child\" data-id=\"abde649\" data-element_type=\"container\">\n\t\t\t\t<div class=\"elementor-element elementor-element-4a148bc elementor-widget elementor-widget-heading\" data-id=\"4a148bc\" data-element_type=\"widget\" data-widget_type=\"heading.default\">\n\t\t\t\t\t<h2 class=\"elementor-heading-title elementor-size-default\">INNOVACI\u00d3N TECNOL\u00d3GICA DE ALTOS ESTUDIOS PROFESIONALES \u2013 ITAEP SAC<\/h2>\t\t\t\t<\/div>\n\t\t\t\t<div class=\"elementor-element elementor-element-55fd2fe elementor-widget elementor-widget-heading\" data-id=\"55fd2fe\" data-element_type=\"widget\" data-widget_type=\"heading.default\">\n\t\t\t\t\t<h2 class=\"elementor-heading-title elementor-size-default\">RUC N\u00b0 20601801273<\/h2>\t\t\t\t<\/div>\n\t\t\t\t<div class=\"elementor-element elementor-element-c333935 elementor-widget elementor-widget-text-editor\" data-id=\"c333935\" data-element_type=\"widget\" data-widget_type=\"text-editor.default\">\n\t\t\t\t\t\t\t\t\t<ul><li>CREADO ANTE LA SUPERINTENDECNIA NACIONAL DE LOS REGISTROS P\u00daBLICOS \u2013 <strong>SUNARP<\/strong><\/li><li>FECHA: <strong>12\/09\/2016<\/strong><\/li><li>ZONA REGISTRAL N\u00b0 <strong>XIV<\/strong><\/li><li>OFICINA REGISTRAL DE AYACUCHO<\/li><li>DENOMINACION O RAZON SOCIAL: <strong>INNOVAVACI\u00d3N TECNOL\u00d3GICA DE ALTOS ESTUDIOS PROFESIONALES \u2013 ITAEP SAC<\/strong><\/li><li>LIBRO: <strong>SOCIEDDADES ANONIMAS<\/strong><\/li><li>ASIENTO: <strong>A0001<\/strong><\/li><li>PARTIDA ELECTR\u00d3NICA <strong>N\u00b0 11129498<\/strong><\/li><\/ul>\t\t\t\t\t\t\t\t<\/div>\n\t\t\t\t<\/div>\n\t\t<div class=\"elementor-element elementor-element-d4765d2 e-con-full e-flex e-con e-child\" data-id=\"d4765d2\" data-element_type=\"container\">\n\t\t\t\t<div class=\"elementor-element elementor-element-1eae06c elementor-widget elementor-widget-image\" data-id=\"1eae06c\" data-element_type=\"widget\" data-widget_type=\"image.default\">\n\t\t\t\t\t\t\t\t\t\t\t\t\t\t\t<img fetchpriority=\"high\" decoding=\"async\" width=\"617\" height=\"404\" src=\"https:\/\/itaep-peru.com\/web\/wp-content\/uploads\/2025\/10\/instituciones.jpg\" class=\"attachment-large size-large wp-image-237\" alt=\"\" srcset=\"https:\/\/itaep-peru.com\/web\/wp-content\/uploads\/2025\/10\/instituciones.jpg 617w, https:\/\/itaep-peru.com\/web\/wp-content\/uploads\/2025\/10\/instituciones-300x196.jpg 300w\" sizes=\"(max-width: 617px) 100vw, 617px\" \/>\t\t\t\t\t\t\t\t\t\t\t\t\t\t\t<\/div>\n\t\t\t\t<\/div>\n\t\t\t\t<\/div>\n\t\t\t\t\t<\/div>\n\t\t\t\t<\/div>\n\t\t<div class=\"elementor-element elementor-element-6c7dcd2 e-flex e-con-boxed e-con e-parent\" data-id=\"6c7dcd2\" data-element_type=\"container\">\n\t\t\t\t\t<div class=\"e-con-inner\">\n\t\t<div class=\"elementor-element elementor-element-5b9f39b e-con-full e-flex e-con e-child\" data-id=\"5b9f39b\" data-element_type=\"container\">\n\t\t<div class=\"elementor-element elementor-element-ca5b038 e-con-full e-flex e-con e-child\" data-id=\"ca5b038\" data-element_type=\"container\">\n\t\t\t\t<div class=\"elementor-element elementor-element-d004908 elementor-widget elementor-widget-heading\" data-id=\"d004908\" data-element_type=\"widget\" data-widget_type=\"heading.default\">\n\t\t\t\t\t<h2 class=\"elementor-heading-title elementor-size-default\">VISI\u00d3N<\/h2>\t\t\t\t<\/div>\n\t\t\t\t<div class=\"elementor-element elementor-element-57295db elementor-widget elementor-widget-text-editor\" data-id=\"57295db\" data-element_type=\"widget\" data-widget_type=\"text-editor.default\">\n\t\t\t\t\t\t\t\t\t<p>Ser una instituci\u00f3n l\u00edder en formaci\u00f3n t\u00e9cnica laboral con certificaci\u00f3n oficial; reconocidos a nivel nacional como la Instituci\u00f3n Educativa de especialidades t\u00e9cnicas, enmarcados en principios \u00e9ticos, morales que contribuyan eficazmente al desarrollo y la empleabilidad en la regi\u00f3n y del pa\u00eds.<\/p>\t\t\t\t\t\t\t\t<\/div>\n\t\t\t\t<\/div>\n\t\t\t\t<\/div>\n\t\t<div class=\"elementor-element elementor-element-582a068 e-con-full e-flex e-con e-child\" data-id=\"582a068\" data-element_type=\"container\">\n\t\t<div class=\"elementor-element elementor-element-03e4aec e-con-full e-flex e-con e-child\" data-id=\"03e4aec\" data-element_type=\"container\">\n\t\t\t\t<div class=\"elementor-element elementor-element-22db58f elementor-widget elementor-widget-heading\" data-id=\"22db58f\" data-element_type=\"widget\" data-widget_type=\"heading.default\">\n\t\t\t\t\t<h2 class=\"elementor-heading-title elementor-size-default\">MISI\u00d3N<\/h2>\t\t\t\t<\/div>\n\t\t\t\t<div class=\"elementor-element elementor-element-bf1593d elementor-widget elementor-widget-text-editor\" data-id=\"bf1593d\" data-element_type=\"widget\" data-widget_type=\"text-editor.default\">\n\t\t\t\t\t\t\t\t\t<p>Brindamos un servicio educativo de calidad permanente, innovando en los educandos la creatividad laboral, con docentes de formaci\u00f3n profesional altamente especializado, de acuerdo a las exigencias del mercado laboral; nuestros educandos egresan con solidez formaci\u00f3n t\u00e9cnico y competente profesional en el marco de valores \u00e9tico morales de aceptaci\u00f3n social.<\/p>\t\t\t\t\t\t\t\t<\/div>\n\t\t\t\t<\/div>\n\t\t\t\t<\/div>\n\t\t\t\t\t<\/div>\n\t\t\t\t<\/div>\n\t\t<div class=\"elementor-element elementor-element-053613e e-flex e-con-boxed e-con e-parent\" data-id=\"053613e\" data-element_type=\"container\">\n\t\t\t\t\t<div class=\"e-con-inner\">\n\t\t<div class=\"elementor-element elementor-element-20c3499 e-con-full e-flex e-con e-child\" data-id=\"20c3499\" data-element_type=\"container\">\n\t\t<div class=\"elementor-element elementor-element-ee5cd69 e-con-full e-flex e-con e-child\" data-id=\"ee5cd69\" data-element_type=\"container\">\n\t\t\t\t<div class=\"elementor-element elementor-element-4f1c289 elementor-widget elementor-widget-image\" data-id=\"4f1c289\" data-element_type=\"widget\" data-widget_type=\"image.default\">\n\t\t\t\t\t\t\t\t\t\t\t\t\t\t\t<img decoding=\"async\" width=\"800\" height=\"387\" src=\"https:\/\/itaep-peru.com\/web\/wp-content\/uploads\/2025\/10\/personal-1.png\" class=\"attachment-large size-large wp-image-239\" alt=\"\" srcset=\"https:\/\/itaep-peru.com\/web\/wp-content\/uploads\/2025\/10\/personal-1.png 916w, https:\/\/itaep-peru.com\/web\/wp-content\/uploads\/2025\/10\/personal-1-300x145.png 300w, https:\/\/itaep-peru.com\/web\/wp-content\/uploads\/2025\/10\/personal-1-768x371.png 768w\" sizes=\"(max-width: 800px) 100vw, 800px\" \/>\t\t\t\t\t\t\t\t\t\t\t\t\t\t\t<\/div>\n\t\t\t\t<\/div>\n\t\t\t\t<\/div>\n\t\t<div class=\"elementor-element elementor-element-4da64cd e-con-full e-flex e-con e-child\" data-id=\"4da64cd\" data-element_type=\"container\">\n\t\t\t\t<div class=\"elementor-element elementor-element-b1dab27 elementor-widget elementor-widget-heading\" data-id=\"b1dab27\" data-element_type=\"widget\" data-widget_type=\"heading.default\">\n\t\t\t\t\t<h2 class=\"elementor-heading-title elementor-size-default\">PERSONAL ADMINISTRATIVO:<\/h2>\t\t\t\t<\/div>\n\t\t<div class=\"elementor-element elementor-element-bb6f11d e-con-full e-flex e-con e-child\" data-id=\"bb6f11d\" data-element_type=\"container\">\n\t\t\t\t<div class=\"elementor-element elementor-element-8c6460f elementor-widget elementor-widget-text-editor\" data-id=\"8c6460f\" data-element_type=\"widget\" data-widget_type=\"text-editor.default\">\n\t\t\t\t\t\t\t\t\t<p>Direcci\u00f3n General: Bach. Contab. <strong>Zhao Gomez Ccallocunto<\/strong><\/p><p>Coordinadora Academica: <strong>Sheyla Miluzka Gomez Ccallocunto<\/strong><\/p><p>Secretaria 1: <strong>Nataly Norma Gomez Ccallocunto<\/strong><\/p><p>Secretaria 2: <strong>Sittnya Mirian Cangana Meneses<\/strong><\/p>\t\t\t\t\t\t\t\t<\/div>\n\t\t\t\t<\/div>\n\t\t\t\t<\/div>\n\t\t\t\t\t<\/div>\n\t\t\t\t<\/div>\n\t\t\t\t<\/div>\n\t\t","protected":false},"excerpt":{"rendered":"<p>INNOVACI\u00d3N TECNOL\u00d3GICA DE ALTOS ESTUDIOS PROFESIONALES \u2013 ITAEP SAC RUC N\u00b0 20601801273 CREADO ANTE LA SUPERINTENDECNIA NACIONAL DE LOS REGISTROS P\u00daBLICOS \u2013 SUNARP FECHA: 12\/09\/2016 ZONA REGISTRAL N\u00b0 XIV OFICINA REGISTRAL DE AYACUCHO DENOMINACION O RAZON SOCIAL: INNOVAVACI\u00d3N TECNOL\u00d3GICA DE ALTOS ESTUDIOS PROFESIONALES \u2013 ITAEP SAC LIBRO: SOCIEDDADES ANONIMAS ASIENTO: A0001 PARTIDA ELECTR\u00d3NICA N\u00b0 11129498 [&hellip;]<\/p>\n","protected":false},"author":1,"featured_media":0,"parent":0,"menu_order":0,"comment_status":"closed","ping_status":"closed","template":"","meta":{"footnotes":""},"class_list":["post-234","page","type-page","status-publish","hentry"],"_links":{"self":[{"href":"https:\/\/itaep-peru.com\/web\/index.php\/wp-json\/wp\/v2\/pages\/234","targetHints":{"allow":["GET"]}}],"collection":[{"href":"https:\/\/itaep-peru.com\/web\/index.php\/wp-json\/wp\/v2\/pages"}],"about":[{"href":"https:\/\/itaep-peru.com\/web\/index.php\/wp-json\/wp\/v2\/types\/page"}],"author":[{"embeddable":true,"href":"https:\/\/itaep-peru.com\/web\/index.php\/wp-json\/wp\/v2\/users\/1"}],"replies":[{"embeddable":true,"href":"https:\/\/itaep-peru.com\/web\/index.php\/wp-json\/wp\/v2\/comments?post=234"}],"version-history":[{"count":10,"href":"https:\/\/itaep-peru.com\/web\/index.php\/wp-json\/wp\/v2\/pages\/234\/revisions"}],"predecessor-version":[{"id":463,"href":"https:\/\/itaep-peru.com\/web\/index.php\/wp-json\/wp\/v2\/pages\/234\/revisions\/463"}],"wp:attachment":[{"href":"https:\/\/itaep-peru.com\/web\/index.php\/wp-json\/wp\/v2\/media?parent=234"}],"curies":[{"name":"wp","href":"https:\/\/api.w.org\/{rel}","templated":true}]}}