{"id":482,"date":"2025-10-11T01:11:50","date_gmt":"2025-10-11T01:11:50","guid":{"rendered":"https:\/\/itaep-peru.com\/web\/?page_id=482"},"modified":"2025-10-11T02:03:35","modified_gmt":"2025-10-11T02:03:35","slug":"blog","status":"publish","type":"page","link":"https:\/\/itaep-peru.com\/web\/index.php\/blog\/","title":{"rendered":"Blog"},"content":{"rendered":"\t\t<div data-elementor-type=\"wp-page\" data-elementor-id=\"482\" class=\"elementor elementor-482\" data-elementor-post-type=\"page\">\n\t\t\t\t<div class=\"elementor-element elementor-element-95b27a1 e-flex e-con-boxed e-con e-parent\" data-id=\"95b27a1\" data-element_type=\"container\">\n\t\t\t\t\t<div class=\"e-con-inner\">\n\t\t<div class=\"elementor-element elementor-element-640a053 e-con-full e-flex e-con e-child\" data-id=\"640a053\" data-element_type=\"container\">\n\t\t\t\t<div class=\"elementor-element elementor-element-3e1f1b8 elementor-grid-2 elementor-grid-tablet-2 elementor-grid-mobile-1 elementor-posts--thumbnail-top elementor-posts--show-avatar elementor-card-shadow-yes elementor-posts__hover-gradient elementor-widget elementor-widget-posts\" data-id=\"3e1f1b8\" data-element_type=\"widget\" data-settings=\"{&quot;cards_columns&quot;:&quot;2&quot;,&quot;pagination_type&quot;:&quot;prev_next&quot;,&quot;cards_row_gap&quot;:{&quot;unit&quot;:&quot;px&quot;,&quot;size&quot;:31,&quot;sizes&quot;:[]},&quot;cards_columns_tablet&quot;:&quot;2&quot;,&quot;cards_columns_mobile&quot;:&quot;1&quot;,&quot;cards_row_gap_tablet&quot;:{&quot;unit&quot;:&quot;px&quot;,&quot;size&quot;:&quot;&quot;,&quot;sizes&quot;:[]},&quot;cards_row_gap_mobile&quot;:{&quot;unit&quot;:&quot;px&quot;,&quot;size&quot;:&quot;&quot;,&quot;sizes&quot;:[]}}\" data-widget_type=\"posts.cards\">\n\t\t\t\t<div class=\"elementor-widget-container\">\n\t\t\t\t\t\t\t<div class=\"elementor-posts-container elementor-posts elementor-posts--skin-cards elementor-grid\" role=\"list\">\r\n\t\t\t\t<article class=\"elementor-post elementor-grid-item post-499 post type-post status-publish format-standard has-post-thumbnail hentry category-blog\" role=\"listitem\">\r\n\t\t\t<div class=\"elementor-post__card\">\r\n\t\t\t\t<a class=\"elementor-post__thumbnail__link\" href=\"https:\/\/itaep-peru.com\/web\/index.php\/2025\/10\/11\/openai-no-solo-domina-en-ia-ahora-tambien-se-esta-comiendo-la-app-store-en-estados-unidos-con-sora-y-chatgpt\/\" tabindex=\"-1\" ><div class=\"elementor-post__thumbnail\"><img fetchpriority=\"high\" decoding=\"async\" width=\"300\" height=\"200\" src=\"https:\/\/itaep-peru.com\/web\/wp-content\/uploads\/2025\/10\/openia-300x200.jpeg\" class=\"attachment-medium size-medium wp-image-500\" alt=\"\" srcset=\"https:\/\/itaep-peru.com\/web\/wp-content\/uploads\/2025\/10\/openia-300x200.jpeg 300w, https:\/\/itaep-peru.com\/web\/wp-content\/uploads\/2025\/10\/openia-1024x683.jpeg 1024w, https:\/\/itaep-peru.com\/web\/wp-content\/uploads\/2025\/10\/openia-768x512.jpeg 768w, https:\/\/itaep-peru.com\/web\/wp-content\/uploads\/2025\/10\/openia-600x400.jpeg 600w, https:\/\/itaep-peru.com\/web\/wp-content\/uploads\/2025\/10\/openia.jpeg 1200w\" sizes=\"(max-width: 300px) 100vw, 300px\" \/><\/div><\/a>\r\n\t\t\t\t<div class=\"elementor-post__badge\">Blog<\/div>\r\n\t\t\t\t<div class=\"elementor-post__avatar\">\r\n\t\t\t<img alt='itaep-peru' src='https:\/\/secure.gravatar.com\/avatar\/769119f92745def307520f3801735d578bff119caf650426ecd2d8fa198aad33?s=128&#038;d=mm&#038;r=g' srcset='https:\/\/secure.gravatar.com\/avatar\/769119f92745def307520f3801735d578bff119caf650426ecd2d8fa198aad33?s=256&#038;d=mm&#038;r=g 2x' class='avatar avatar-128 photo' height='128' width='128' \/>\t\t<\/div>\r\n\t\t\t\t<div class=\"elementor-post__text\">\r\n\t\t\t\t<h3 class=\"elementor-post__title\">\r\n\t\t\t<a href=\"https:\/\/itaep-peru.com\/web\/index.php\/2025\/10\/11\/openai-no-solo-domina-en-ia-ahora-tambien-se-esta-comiendo-la-app-store-en-estados-unidos-con-sora-y-chatgpt\/\" >\r\n\t\t\t\tOpenAI no solo domina en IA. Ahora tambi\u00e9n se est\u00e1 \u201ccomiendo\u201d la App Store en Estados Unidos con Sora y ChatGPT\t\t\t<\/a>\r\n\t\t<\/h3>\r\n\t\t\t\t<div class=\"elementor-post__excerpt\">\r\n\t\t\t<p>Llegar al podio de las aplicaciones gratuitas m\u00e1s populares de la App Store es el sue\u00f1o de cualquier desarrollador. No se trata solo de sumar<\/p>\n\t\t<\/div>\r\n\t\t\t\t\t<div class=\"elementor-post__read-more-wrapper\">\r\n\t\t\r\n\t\t<a class=\"elementor-post__read-more\" href=\"https:\/\/itaep-peru.com\/web\/index.php\/2025\/10\/11\/openai-no-solo-domina-en-ia-ahora-tambien-se-esta-comiendo-la-app-store-en-estados-unidos-con-sora-y-chatgpt\/\" aria-label=\"Read more about OpenAI no solo domina en IA. Ahora tambi\u00e9n se est\u00e1 \u201ccomiendo\u201d la App Store en Estados Unidos con Sora y ChatGPT\" tabindex=\"-1\" >\r\n\t\t\tLeer m\u00e1s \u00bb\t\t<\/a>\r\n\r\n\t\t\t\t\t<\/div>\r\n\t\t\t\t<\/div>\r\n\t\t\t\t<div class=\"elementor-post__meta-data\">\r\n\t\t\t\t\t<span class=\"elementor-post-date\">\r\n\t\t\toctubre 11, 2025\t\t<\/span>\r\n\t\t\t\t<span class=\"elementor-post-avatar\">\r\n\t\t\tNo hay comentarios\t\t<\/span>\r\n\t\t\t\t<\/div>\r\n\t\t\t\t\t<\/div>\r\n\t\t<\/article>\r\n\t\t\t\t<article class=\"elementor-post elementor-grid-item post-496 post type-post status-publish format-standard has-post-thumbnail hentry category-blog\" role=\"listitem\">\r\n\t\t\t<div class=\"elementor-post__card\">\r\n\t\t\t\t<a class=\"elementor-post__thumbnail__link\" href=\"https:\/\/itaep-peru.com\/web\/index.php\/2025\/10\/11\/en-china-no-se-conforman-con-crear-robots-avanzados-una-compania-ha-desarrollado-una-cabeza-que-gesticula-como-un-humano\/\" tabindex=\"-1\" ><div class=\"elementor-post__thumbnail\"><img decoding=\"async\" width=\"300\" height=\"200\" src=\"https:\/\/itaep-peru.com\/web\/wp-content\/uploads\/2025\/10\/bot-300x200.png\" class=\"attachment-medium size-medium wp-image-497\" alt=\"\" srcset=\"https:\/\/itaep-peru.com\/web\/wp-content\/uploads\/2025\/10\/bot-300x200.png 300w, https:\/\/itaep-peru.com\/web\/wp-content\/uploads\/2025\/10\/bot-1024x683.png 1024w, https:\/\/itaep-peru.com\/web\/wp-content\/uploads\/2025\/10\/bot-768x512.png 768w, https:\/\/itaep-peru.com\/web\/wp-content\/uploads\/2025\/10\/bot-600x400.png 600w, https:\/\/itaep-peru.com\/web\/wp-content\/uploads\/2025\/10\/bot.png 1200w\" sizes=\"(max-width: 300px) 100vw, 300px\" \/><\/div><\/a>\r\n\t\t\t\t<div class=\"elementor-post__badge\">Blog<\/div>\r\n\t\t\t\t<div class=\"elementor-post__avatar\">\r\n\t\t\t<img alt='itaep-peru' src='https:\/\/secure.gravatar.com\/avatar\/769119f92745def307520f3801735d578bff119caf650426ecd2d8fa198aad33?s=128&#038;d=mm&#038;r=g' srcset='https:\/\/secure.gravatar.com\/avatar\/769119f92745def307520f3801735d578bff119caf650426ecd2d8fa198aad33?s=256&#038;d=mm&#038;r=g 2x' class='avatar avatar-128 photo' height='128' width='128' \/>\t\t<\/div>\r\n\t\t\t\t<div class=\"elementor-post__text\">\r\n\t\t\t\t<h3 class=\"elementor-post__title\">\r\n\t\t\t<a href=\"https:\/\/itaep-peru.com\/web\/index.php\/2025\/10\/11\/en-china-no-se-conforman-con-crear-robots-avanzados-una-compania-ha-desarrollado-una-cabeza-que-gesticula-como-un-humano\/\" >\r\n\t\t\t\tEn China no se conforman con crear robots avanzados: una compa\u00f1\u00eda ha desarrollado una cabeza que gesticula como un humano\t\t\t<\/a>\r\n\t\t<\/h3>\r\n\t\t\t\t<div class=\"elementor-post__excerpt\">\r\n\t\t\t<p>Cuando pensamos en un humanoide convincente, lo imaginamos mir\u00e1ndonos a los ojos, parpadeando y acompa\u00f1ando las palabras con gestos que dan contexto. La rob\u00f3tica avanza<\/p>\n\t\t<\/div>\r\n\t\t\t\t\t<div class=\"elementor-post__read-more-wrapper\">\r\n\t\t\r\n\t\t<a class=\"elementor-post__read-more\" href=\"https:\/\/itaep-peru.com\/web\/index.php\/2025\/10\/11\/en-china-no-se-conforman-con-crear-robots-avanzados-una-compania-ha-desarrollado-una-cabeza-que-gesticula-como-un-humano\/\" aria-label=\"Read more about En China no se conforman con crear robots avanzados: una compa\u00f1\u00eda ha desarrollado una cabeza que gesticula como un humano\" tabindex=\"-1\" >\r\n\t\t\tLeer m\u00e1s \u00bb\t\t<\/a>\r\n\r\n\t\t\t\t\t<\/div>\r\n\t\t\t\t<\/div>\r\n\t\t\t\t<div class=\"elementor-post__meta-data\">\r\n\t\t\t\t\t<span class=\"elementor-post-date\">\r\n\t\t\toctubre 11, 2025\t\t<\/span>\r\n\t\t\t\t<span class=\"elementor-post-avatar\">\r\n\t\t\tNo hay comentarios\t\t<\/span>\r\n\t\t\t\t<\/div>\r\n\t\t\t\t\t<\/div>\r\n\t\t<\/article>\r\n\t\t\t\t<article class=\"elementor-post elementor-grid-item post-492 post type-post status-publish format-standard has-post-thumbnail hentry category-blog\" role=\"listitem\">\r\n\t\t\t<div class=\"elementor-post__card\">\r\n\t\t\t\t<a class=\"elementor-post__thumbnail__link\" href=\"https:\/\/itaep-peru.com\/web\/index.php\/2025\/10\/11\/spotify-haz-una-lista-para-mi-fiesta-openai-acaba-de-abrir-la-puerta-a-una-nueva-forma-de-usar-apps-con-chatgpt\/\" tabindex=\"-1\" ><div class=\"elementor-post__thumbnail\"><img decoding=\"async\" width=\"300\" height=\"200\" src=\"https:\/\/itaep-peru.com\/web\/wp-content\/uploads\/2025\/10\/spotify-300x200.jpeg\" class=\"attachment-medium size-medium wp-image-494\" alt=\"\" srcset=\"https:\/\/itaep-peru.com\/web\/wp-content\/uploads\/2025\/10\/spotify-300x200.jpeg 300w, https:\/\/itaep-peru.com\/web\/wp-content\/uploads\/2025\/10\/spotify-1024x683.jpeg 1024w, https:\/\/itaep-peru.com\/web\/wp-content\/uploads\/2025\/10\/spotify-768x512.jpeg 768w, https:\/\/itaep-peru.com\/web\/wp-content\/uploads\/2025\/10\/spotify-600x400.jpeg 600w, https:\/\/itaep-peru.com\/web\/wp-content\/uploads\/2025\/10\/spotify.jpeg 1200w\" sizes=\"(max-width: 300px) 100vw, 300px\" \/><\/div><\/a>\r\n\t\t\t\t<div class=\"elementor-post__badge\">Blog<\/div>\r\n\t\t\t\t<div class=\"elementor-post__avatar\">\r\n\t\t\t<img alt='itaep-peru' src='https:\/\/secure.gravatar.com\/avatar\/769119f92745def307520f3801735d578bff119caf650426ecd2d8fa198aad33?s=128&#038;d=mm&#038;r=g' srcset='https:\/\/secure.gravatar.com\/avatar\/769119f92745def307520f3801735d578bff119caf650426ecd2d8fa198aad33?s=256&#038;d=mm&#038;r=g 2x' class='avatar avatar-128 photo' height='128' width='128' \/>\t\t<\/div>\r\n\t\t\t\t<div class=\"elementor-post__text\">\r\n\t\t\t\t<h3 class=\"elementor-post__title\">\r\n\t\t\t<a href=\"https:\/\/itaep-peru.com\/web\/index.php\/2025\/10\/11\/spotify-haz-una-lista-para-mi-fiesta-openai-acaba-de-abrir-la-puerta-a-una-nueva-forma-de-usar-apps-con-chatgpt\/\" >\r\n\t\t\t\t&#8220;Spotify, haz una lista para mi fiesta&#8221;: OpenAI acaba de abrir la puerta a una nueva forma de usar apps con ChatGPT\t\t\t<\/a>\r\n\t\t<\/h3>\r\n\t\t\t\t<div class=\"elementor-post__excerpt\">\r\n\t\t\t<p>La pr\u00f3xima vez que le pidas a ChatGPT que te ayude a montar la lista de reproducci\u00f3n para tu cumplea\u00f1os, puede que el chatbot vaya<\/p>\n\t\t<\/div>\r\n\t\t\t\t\t<div class=\"elementor-post__read-more-wrapper\">\r\n\t\t\r\n\t\t<a class=\"elementor-post__read-more\" href=\"https:\/\/itaep-peru.com\/web\/index.php\/2025\/10\/11\/spotify-haz-una-lista-para-mi-fiesta-openai-acaba-de-abrir-la-puerta-a-una-nueva-forma-de-usar-apps-con-chatgpt\/\" aria-label=\"Read more about &#8220;Spotify, haz una lista para mi fiesta&#8221;: OpenAI acaba de abrir la puerta a una nueva forma de usar apps con ChatGPT\" tabindex=\"-1\" >\r\n\t\t\tLeer m\u00e1s \u00bb\t\t<\/a>\r\n\r\n\t\t\t\t\t<\/div>\r\n\t\t\t\t<\/div>\r\n\t\t\t\t<div class=\"elementor-post__meta-data\">\r\n\t\t\t\t\t<span class=\"elementor-post-date\">\r\n\t\t\toctubre 11, 2025\t\t<\/span>\r\n\t\t\t\t<span class=\"elementor-post-avatar\">\r\n\t\t\tNo hay comentarios\t\t<\/span>\r\n\t\t\t\t<\/div>\r\n\t\t\t\t\t<\/div>\r\n\t\t<\/article>\r\n\t\t\t\t<article class=\"elementor-post elementor-grid-item post-1 post type-post status-publish format-standard has-post-thumbnail hentry category-blog\" role=\"listitem\">\r\n\t\t\t<div class=\"elementor-post__card\">\r\n\t\t\t\t<a class=\"elementor-post__thumbnail__link\" href=\"https:\/\/itaep-peru.com\/web\/index.php\/2025\/10\/01\/hello-world\/\" tabindex=\"-1\" ><div class=\"elementor-post__thumbnail\"><img loading=\"lazy\" decoding=\"async\" width=\"300\" height=\"200\" src=\"https:\/\/itaep-peru.com\/web\/wp-content\/uploads\/2025\/10\/ia-300x200.jpeg\" class=\"attachment-medium size-medium wp-image-490\" alt=\"\" srcset=\"https:\/\/itaep-peru.com\/web\/wp-content\/uploads\/2025\/10\/ia-300x200.jpeg 300w, https:\/\/itaep-peru.com\/web\/wp-content\/uploads\/2025\/10\/ia-1024x683.jpeg 1024w, https:\/\/itaep-peru.com\/web\/wp-content\/uploads\/2025\/10\/ia-768x512.jpeg 768w, https:\/\/itaep-peru.com\/web\/wp-content\/uploads\/2025\/10\/ia-600x400.jpeg 600w, https:\/\/itaep-peru.com\/web\/wp-content\/uploads\/2025\/10\/ia.jpeg 1200w\" sizes=\"(max-width: 300px) 100vw, 300px\" \/><\/div><\/a>\r\n\t\t\t\t<div class=\"elementor-post__badge\">Blog<\/div>\r\n\t\t\t\t<div class=\"elementor-post__avatar\">\r\n\t\t\t<img alt='itaep-peru' src='https:\/\/secure.gravatar.com\/avatar\/769119f92745def307520f3801735d578bff119caf650426ecd2d8fa198aad33?s=128&#038;d=mm&#038;r=g' srcset='https:\/\/secure.gravatar.com\/avatar\/769119f92745def307520f3801735d578bff119caf650426ecd2d8fa198aad33?s=256&#038;d=mm&#038;r=g 2x' class='avatar avatar-128 photo' height='128' width='128' \/>\t\t<\/div>\r\n\t\t\t\t<div class=\"elementor-post__text\">\r\n\t\t\t\t<h3 class=\"elementor-post__title\">\r\n\t\t\t<a href=\"https:\/\/itaep-peru.com\/web\/index.php\/2025\/10\/01\/hello-world\/\" >\r\n\t\t\t\tHello world!Las empresas de IA acaban de toparse con un reto inesperado: las aseguradoras han empezado a darles la espaldaHello world!\t\t\t<\/a>\r\n\t\t<\/h3>\r\n\t\t\t\t<div class=\"elementor-post__excerpt\">\r\n\t\t\t<p>Desde finales de 2022 asistimos, en directo, a la revoluci\u00f3n de la inteligencia artificial. El lanzamiento de ChatGPT abri\u00f3 una etapa de inversi\u00f3n y de<\/p>\n\t\t<\/div>\r\n\t\t\t\t\t<div class=\"elementor-post__read-more-wrapper\">\r\n\t\t\r\n\t\t<a class=\"elementor-post__read-more\" href=\"https:\/\/itaep-peru.com\/web\/index.php\/2025\/10\/01\/hello-world\/\" aria-label=\"Read more about Hello world!Las empresas de IA acaban de toparse con un reto inesperado: las aseguradoras han empezado a darles la espaldaHello world!\" tabindex=\"-1\" >\r\n\t\t\tLeer m\u00e1s \u00bb\t\t<\/a>\r\n\r\n\t\t\t\t\t<\/div>\r\n\t\t\t\t<\/div>\r\n\t\t\t\t<div class=\"elementor-post__meta-data\">\r\n\t\t\t\t\t<span class=\"elementor-post-date\">\r\n\t\t\toctubre 1, 2025\t\t<\/span>\r\n\t\t\t\t<span class=\"elementor-post-avatar\">\r\n\t\t\t1 comentario\t\t<\/span>\r\n\t\t\t\t<\/div>\r\n\t\t\t\t\t<\/div>\r\n\t\t<\/article>\r\n\t\t\t\t<\/div>\r\n\t\t\r\n\t\t\t\t\t\t<\/div>\n\t\t\t\t<\/div>\n\t\t\t\t<\/div>\n\t\t<div class=\"elementor-element elementor-element-c33d586 e-con-full e-flex e-con e-child\" data-id=\"c33d586\" data-element_type=\"container\">\n\t\t\t\t<div class=\"elementor-element elementor-element-ca26edf elementor-widget elementor-widget-wp-widget-recent-posts\" data-id=\"ca26edf\" data-element_type=\"widget\" data-widget_type=\"wp-widget-recent-posts.default\">\n\t\t\t\t<div class=\"elementor-widget-container\">\n\t\t\t\t\t\n\t\t\n\t\t<h5>Entradas recientes<\/h5><nav aria-label=\"Entradas recientes\">\n\t\t<ul>\n\t\t\t\t\t\t\t\t\t\t\t<li>\n\t\t\t\t\t<a href=\"https:\/\/itaep-peru.com\/web\/index.php\/2025\/10\/11\/openai-no-solo-domina-en-ia-ahora-tambien-se-esta-comiendo-la-app-store-en-estados-unidos-con-sora-y-chatgpt\/\">OpenAI no solo domina en IA. Ahora tambi\u00e9n se est\u00e1 \u201ccomiendo\u201d la App Store en Estados Unidos con Sora y ChatGPT<\/a>\n\t\t\t\t\t\t\t\t\t<\/li>\n\t\t\t\t\t\t\t\t\t\t\t<li>\n\t\t\t\t\t<a href=\"https:\/\/itaep-peru.com\/web\/index.php\/2025\/10\/11\/en-china-no-se-conforman-con-crear-robots-avanzados-una-compania-ha-desarrollado-una-cabeza-que-gesticula-como-un-humano\/\">En China no se conforman con crear robots avanzados: una compa\u00f1\u00eda ha desarrollado una cabeza que gesticula como un humano<\/a>\n\t\t\t\t\t\t\t\t\t<\/li>\n\t\t\t\t\t\t\t\t\t\t\t<li>\n\t\t\t\t\t<a href=\"https:\/\/itaep-peru.com\/web\/index.php\/2025\/10\/11\/spotify-haz-una-lista-para-mi-fiesta-openai-acaba-de-abrir-la-puerta-a-una-nueva-forma-de-usar-apps-con-chatgpt\/\">&#8220;Spotify, haz una lista para mi fiesta&#8221;: OpenAI acaba de abrir la puerta a una nueva forma de usar apps con ChatGPT<\/a>\n\t\t\t\t\t\t\t\t\t<\/li>\n\t\t\t\t\t\t\t\t\t\t\t<li>\n\t\t\t\t\t<a href=\"https:\/\/itaep-peru.com\/web\/index.php\/2025\/10\/01\/hello-world\/\">Hello world!Las empresas de IA acaban de toparse con un reto inesperado: las aseguradoras han empezado a darles la espaldaHello world!<\/a>\n\t\t\t\t\t\t\t\t\t<\/li>\n\t\t\t\t\t<\/ul>\n\n\t\t<\/nav>\t\t\t\t<\/div>\n\t\t\t\t<\/div>\n\t\t\t\t<\/div>\n\t\t\t\t\t<\/div>\n\t\t\t\t<\/div>\n\t\t\t\t<\/div>\n\t\t","protected":false},"excerpt":{"rendered":"","protected":false},"author":1,"featured_media":0,"parent":0,"menu_order":0,"comment_status":"closed","ping_status":"closed","template":"","meta":{"footnotes":""},"class_list":["post-482","page","type-page","status-publish","hentry"],"_links":{"self":[{"href":"https:\/\/itaep-peru.com\/web\/index.php\/wp-json\/wp\/v2\/pages\/482","targetHints":{"allow":["GET"]}}],"collection":[{"href":"https:\/\/itaep-peru.com\/web\/index.php\/wp-json\/wp\/v2\/pages"}],"about":[{"href":"https:\/\/itaep-peru.com\/web\/index.php\/wp-json\/wp\/v2\/types\/page"}],"author":[{"embeddable":true,"href":"https:\/\/itaep-peru.com\/web\/index.php\/wp-json\/wp\/v2\/users\/1"}],"replies":[{"embeddable":true,"href":"https:\/\/itaep-peru.com\/web\/index.php\/wp-json\/wp\/v2\/comments?post=482"}],"version-history":[{"count":25,"href":"https:\/\/itaep-peru.com\/web\/index.php\/wp-json\/wp\/v2\/pages\/482\/revisions"}],"predecessor-version":[{"id":529,"href":"https:\/\/itaep-peru.com\/web\/index.php\/wp-json\/wp\/v2\/pages\/482\/revisions\/529"}],"wp:attachment":[{"href":"https:\/\/itaep-peru.com\/web\/index.php\/wp-json\/wp\/v2\/media?parent=482"}],"curies":[{"name":"wp","href":"https:\/\/api.w.org\/{rel}","templated":true}]}}